{"id":165,"date":"2022-10-30T13:06:37","date_gmt":"2022-10-30T13:06:37","guid":{"rendered":"http:\/\/www.korkeakoski.net\/?page_id=165"},"modified":"2024-01-04T11:05:21","modified_gmt":"2024-01-04T11:05:21","slug":"record-label","status":"publish","type":"page","link":"https:\/\/www.korkeakoski.net\/?page_id=165","title":{"rendered":"Record label"},"content":{"rendered":"\n<p>We release music on both digital and physical formats. Bands we currently work with include Goon &amp; Gangsterikvartetti.<\/p>\n\n\n\n<p>We are also administring back catalogue of Karhulan Viihdeteollisuus Oy.<\/p>\n\n\n\n<p>Digital music can be found on all the widely known streaming and download services. Physical copies can be ordered via our <a href=\"https:\/\/holvi.com\/shop\/korkeakoski\/\">webstore<\/a> <\/p>\n\n\n\n<h2 class=\"wp-block-heading\">Catalogue<\/h2>\n\n\n\n<h4 class=\"wp-block-heading\">KVT-01: Goon: Pysyt\u00e4\u00e4n t\u00e4\u00e4ll\u00e4<\/h4>\n\n\n\n<p>2011 | single, 1 track | CD (digital reissue 2019)<\/p>\n\n\n\n<h4 class=\"wp-block-heading\">KVT-02: Goon: Kymmenen vuotta jotaa omituista rytmimusiikkii<\/h4>\n\n\n\n<p>2011 | 22 tracks + DVD | CD + DVD<\/p>\n\n\n\n<h4 class=\"wp-block-heading\">KVT-03: Murhamurha: Murhamurha<\/h4>\n\n\n\n<p>2012 | LP, 10 tracks | Digital, CD &amp; 12&#8243; vinyl<\/p>\n\n\n\n<h4 class=\"wp-block-heading\">KVT-04: Goon: Kaikist paras biisi<\/h4>\n\n\n\n<p>2013 | single, 1 track | Digital, CD<\/p>\n\n\n\n<h4 class=\"wp-block-heading\">KVT-05: Goon: Paikka t\u00e4\u00e4ll\u00e4<\/h4>\n\n\n\n<p>2013 | LP, 9 tracks | Digital, CD<\/p>\n\n\n\n<h3 class=\"wp-block-heading\">KK-01: Gangsterikvartetti: Gangsterikvartetti <\/h3>\n\n\n\n<p>2019 | EP, 4 tracks | Digital &amp; CD<\/p>\n\n\n\n<h4 class=\"wp-block-heading\">KK-02: Goon: Metropolit<\/h4>\n\n\n\n<p>2021 | single, 1 track | Digital<\/p>\n\n\n\n<h4 class=\"wp-block-heading\">KK-03: Goon: Pillifarkut<\/h4>\n\n\n\n<p> 2021 | single, 2 tracks | Digital <\/p>\n\n\n\n<h4 class=\"wp-block-heading\">KK-04: Goon feat. Aina: Maaliviiva<\/h4>\n\n\n\n<p> 2021 | single, 3 tracks | Digital <\/p>\n\n\n\n<h4 class=\"wp-block-heading\">KK-05: Goon: Valtatie 7<\/h4>\n\n\n\n<p>2021 | LP, 5 tracks | Digital, CD &amp; 12&#8243; vinyl<\/p>\n\n\n\n<h4 class=\"wp-block-heading\">KK-06: Juho Jantunen: Jos ei meit\u00e4 olis<\/h4>\n\n\n\n<p>2022 | single, 1 track | Digital<\/p>\n\n\n\n<h4 class=\"wp-block-heading\">KK-07: Juho Jantunen: Kaikki tai ei mit\u00e4\u00e4n<\/h4>\n\n\n\n<p>2023 | single, 1 track | Digital<\/p>\n\n\n\n<h4 class=\"wp-block-heading\">KK-08: Juho Jantunen: Arkunkantajat<\/h4>\n\n\n\n<p>2023 | single, 3 track | Digital<\/p>\n","protected":false},"excerpt":{"rendered":"<p>We release music on both digital and physical formats. Bands we currently work with include Goon &amp; Gangsterikvartetti. We are also administring back catalogue of Karhulan Viihdeteollisuus Oy. Digital music can be found on all the widely known streaming and download services. Physical copies can be ordered via our webstore&#8230;<\/p>\n","protected":false},"author":1,"featured_media":0,"parent":0,"menu_order":0,"comment_status":"closed","ping_status":"closed","template":"","meta":{"footnotes":""},"class_list":["post-165","page","type-page","status-publish","hentry"],"_links":{"self":[{"href":"https:\/\/www.korkeakoski.net\/index.php?rest_route=\/wp\/v2\/pages\/165","targetHints":{"allow":["GET"]}}],"collection":[{"href":"https:\/\/www.korkeakoski.net\/index.php?rest_route=\/wp\/v2\/pages"}],"about":[{"href":"https:\/\/www.korkeakoski.net\/index.php?rest_route=\/wp\/v2\/types\/page"}],"author":[{"embeddable":true,"href":"https:\/\/www.korkeakoski.net\/index.php?rest_route=\/wp\/v2\/users\/1"}],"replies":[{"embeddable":true,"href":"https:\/\/www.korkeakoski.net\/index.php?rest_route=%2Fwp%2Fv2%2Fcomments&post=165"}],"version-history":[{"count":4,"href":"https:\/\/www.korkeakoski.net\/index.php?rest_route=\/wp\/v2\/pages\/165\/revisions"}],"predecessor-version":[{"id":177,"href":"https:\/\/www.korkeakoski.net\/index.php?rest_route=\/wp\/v2\/pages\/165\/revisions\/177"}],"wp:attachment":[{"href":"https:\/\/www.korkeakoski.net\/index.php?rest_route=%2Fwp%2Fv2%2Fmedia&parent=165"}],"curies":[{"name":"wp","href":"https:\/\/api.w.org\/{rel}","templated":true}]}}